{"id":2963,"date":"2024-04-26T12:12:27","date_gmt":"2024-04-26T10:12:27","guid":{"rendered":"https:\/\/leopoldcordier.com\/?page_id=2963"},"modified":"2026-03-25T10:23:58","modified_gmt":"2026-03-25T09:23:58","slug":"koropokkuru","status":"publish","type":"page","link":"https:\/\/leopoldcordier.com\/en\/koropokkuru\/","title":{"rendered":"Koropokkuru"},"content":{"rendered":"\n<div class=\"wp-block-columns is-layout-flex wp-container-core-columns-is-layout-8f761849 wp-block-columns-is-layout-flex\">\n<div class=\"wp-block-column is-layout-flow wp-block-column-is-layout-flow\">\n<p class=\"wp-block-paragraph\">music<\/p>\n<\/div>\n\n\n\n<div class=\"wp-block-column is-layout-flow wp-block-column-is-layout-flow\">\n<p class=\"wp-block-paragraph\">light path<\/p>\n<\/div>\n<\/div>\n\n\n\n<div class=\"wp-block-cover alignfull has-parallax fade-on-scroll\" style=\"min-height:620px;aspect-ratio:unset;\"><div class=\"wp-block-cover__image-background wp-image-2064 has-parallax\" style=\"background-position:50% 50%;background-image:url(https:\/\/leopoldcordier.com\/wp-content\/uploads\/2022\/12\/screen-tab-max.jpg)\"><\/div><span aria-hidden=\"true\" class=\"wp-block-cover__background has-black-background-color has-background-dim-70 has-background-dim\"><\/span><div class=\"wp-block-cover__inner-container is-layout-flow wp-block-cover-is-layout-flow\">\n<div class=\"wp-block-jetpack-layout-grid alignfull column1-desktop-grid__span-10 column1-desktop-grid__start-2 column1-desktop-grid__row-1 column1-tablet-grid__span-8 column1-tablet-grid__row-1 column1-mobile-grid__span-4 column1-mobile-grid__row-1 wp-block-jetpack-layout-gutter__nowrap\">\n<div class=\"wp-block-jetpack-layout-grid-column wp-block-jetpack-layout-grid__padding-none\">\n<p class=\"has-text-align-center margin-bottom-none has-text-color wp-block-paragraph\" style=\"color:#ffffff;font-size:80px;line-height:1.5\">Koropokkuru<br><a href=\"https:\/\/leopoldcordier.com\/fete-des-lumieres-2022\/\"><sub>Festival of Lights 2022<\/sub><\/a><\/p>\n\n\n\n<div class=\"wp-block-jetpack-layout-grid column1-desktop-grid__span-6 column1-desktop-grid__row-1 column2-desktop-grid__span-6 column2-desktop-grid__start-7 column2-desktop-grid__row-1 column1-tablet-grid__span-4 column1-tablet-grid__row-1 column2-tablet-grid__span-4 column2-tablet-grid__start-5 column2-tablet-grid__row-1 column1-mobile-grid__span-4 column1-mobile-grid__row-1 column2-mobile-grid__span-4 column2-mobile-grid__row-2\">\n<div class=\"wp-block-jetpack-layout-grid-column wp-block-jetpack-layout-grid__padding-none\">\n<div class=\"wp-block-jetpack-slideshow aligncenter\" data-effect=\"slide\"><div class=\"wp-block-jetpack-slideshow_container swiper\"><ul class=\"wp-block-jetpack-slideshow_swiper-wrapper swiper-wrapper\"><li class=\"wp-block-jetpack-slideshow_slide swiper-slide\"><figure><img loading=\"lazy\" decoding=\"async\" width=\"1600\" height=\"1600\" alt=\"\" class=\"wp-block-jetpack-slideshow_image wp-image-2058\" data-id=\"2058\" src=\"https:\/\/leopoldcordier.com\/wp-content\/uploads\/2022\/12\/whatsapp-image-2022-12-11-at-20.39.35.jpeg?w=1024\"\/><\/figure><\/li><li class=\"wp-block-jetpack-slideshow_slide swiper-slide\"><figure><img loading=\"lazy\" decoding=\"async\" width=\"1600\" height=\"1600\" alt=\"\" class=\"wp-block-jetpack-slideshow_image wp-image-2057\" data-id=\"2057\" src=\"https:\/\/leopoldcordier.com\/wp-content\/uploads\/2022\/12\/whatsapp-image-2022-12-11-at-20.39.35-5.jpeg?w=1024\"\/><\/figure><\/li><li class=\"wp-block-jetpack-slideshow_slide swiper-slide\"><figure><img loading=\"lazy\" decoding=\"async\" width=\"1600\" height=\"1600\" alt=\"\" class=\"wp-block-jetpack-slideshow_image wp-image-2055\" data-id=\"2055\" src=\"https:\/\/leopoldcordier.com\/wp-content\/uploads\/2022\/12\/whatsapp-image-2022-12-11-at-20.39.35-3.jpeg?w=1024\"\/><\/figure><\/li><li class=\"wp-block-jetpack-slideshow_slide swiper-slide\"><figure><img loading=\"lazy\" decoding=\"async\" width=\"1600\" height=\"1600\" alt=\"\" class=\"wp-block-jetpack-slideshow_image wp-image-2053\" data-id=\"2053\" src=\"https:\/\/leopoldcordier.com\/wp-content\/uploads\/2022\/12\/whatsapp-image-2022-12-11-at-20.39.35-1.jpeg?w=1024\"\/><\/figure><\/li><li class=\"wp-block-jetpack-slideshow_slide swiper-slide\"><figure><img loading=\"lazy\" decoding=\"async\" width=\"1600\" height=\"1600\" alt=\"\" class=\"wp-block-jetpack-slideshow_image wp-image-2056\" data-id=\"2056\" src=\"https:\/\/leopoldcordier.com\/wp-content\/uploads\/2022\/12\/whatsapp-image-2022-12-11-at-20.39.35-4.jpeg?w=1024\"\/><\/figure><\/li><li class=\"wp-block-jetpack-slideshow_slide swiper-slide\"><figure><img loading=\"lazy\" decoding=\"async\" width=\"1600\" height=\"1600\" alt=\"\" class=\"wp-block-jetpack-slideshow_image wp-image-2054\" data-id=\"2054\" src=\"https:\/\/leopoldcordier.com\/wp-content\/uploads\/2022\/12\/whatsapp-image-2022-12-11-at-20.39.35-2.jpeg?w=1024\"\/><\/figure><\/li><\/ul><a class=\"wp-block-jetpack-slideshow_button-prev swiper-button-prev swiper-button-white\" role=\"button\"><\/a><a class=\"wp-block-jetpack-slideshow_button-next swiper-button-next swiper-button-white\" role=\"button\"><\/a><a aria-label=\"Pause Slideshow\" class=\"wp-block-jetpack-slideshow_button-pause\" role=\"button\"><\/a><div class=\"wp-block-jetpack-slideshow_pagination swiper-pagination swiper-pagination-white\"><\/div><\/div><\/div>\n<\/div>\n\n\n\n<div class=\"wp-block-jetpack-layout-grid-column wp-block-jetpack-layout-grid__padding-none is-vertically-aligned-center\">\n<p class=\"wp-block-paragraph\">On the occasion of the F\u00eate des Lumi\u00e8res 2022, I composed a six-minute loop for the esoteric stroll of the Chabri\u00e8res Park in Oullins.<\/p>\n\n\n\n<p class=\"wp-block-paragraph\"><\/p>\n\n\n\n<p class=\"wp-block-paragraph\">From December 6 to 10, 2022, this installation accompanied the rise of the park through three bright themes: the cold, the canopy, and the symphony of colors.<\/p>\n\n\n\n<p class=\"wp-block-paragraph\"><\/p>\n\n\n\n<p class=\"wp-block-paragraph\">My work for <a href=\"https:\/\/lesallumeursdereves.com\/\"><strong><mark style=\"background-color:rgba(0, 0, 0, 0)\" class=\"has-inline-color has-luminous-vivid-amber-color\">Allumeurs de R\u00eaves<\/mark><\/strong><\/a> was to give life to these subjects through <strong>immersive<\/strong>, <strong>organic<\/strong> and <strong>contemplative musical sound aesthetics.<\/strong><\/p>\n<\/div>\n<\/div>\n\n\n\n<div class=\"wp-block-columns is-layout-flex wp-container-core-columns-is-layout-8f761849 wp-block-columns-is-layout-flex\">\n<div class=\"wp-block-column is-layout-flow wp-block-column-is-layout-flow\">\n<figure class=\"wp-block-audio\"><audio controls src=\"https:\/\/leopoldcordier.com\/wp-content\/uploads\/2022\/12\/koropokkuru.wav\" loop><\/audio><\/figure>\n\n\n\n<h2 id=\"creation\" class=\"wp-block-heading\"><mark style=\"background-color:rgba(0,0,0,0)\" class=\"has-inline-color has-white-color\">Part 1 | Frost<\/mark><\/h2>\n\n\n\n<h5 class=\"wp-block-heading has-cyan-bluish-gray-color has-text-color\">From 00:00 to 01:50<\/h5>\n\n\n\n<p class=\"wp-block-paragraph\">Icy wind, discreet footsteps and frozen insects reveal a soft melody of stalactites (from 00:23), setting up a pleasantly mysterious atmosphere.<\/p>\n\n\n\n<hr class=\"wp-block-separator has-css-opacity is-style-wide\"\/>\n\n\n\n<h2 id=\"extraits-sonores\" class=\"wp-block-heading\"><mark style=\"background-color:rgba(0,0,0,0)\" class=\"has-inline-color has-white-color\">Part 2 | <\/mark>Forest<\/h2>\n\n\n\n<h5 class=\"wp-block-heading has-cyan-bluish-gray-color has-text-color\">From 01:50 to 03:52<\/h5>\n\n\n\n<p class=\"wp-block-paragraph\">Between a stream and some larks, the uncertain rhythm of two shishi-odoshis (02:03) comes to offer trees the gift of breath (02:16), then music (02:42).<\/p>\n\n\n\n<hr class=\"wp-block-separator has-css-opacity is-style-wide\"\/>\n\n\n\n<h2 id=\"extraits-sonores\" class=\"wp-block-heading\"><mark style=\"background-color:rgba(0,0,0,0)\" class=\"has-inline-color has-white-color\">Part 3 | Torches<\/mark><\/h2>\n\n\n\n<h5 class=\"wp-block-heading has-cyan-bluish-gray-color has-text-color\">From 03:52 to 06:00<\/h5>\n\n\n\n<p class=\"wp-block-paragraph\">As night falls, mystical lights make their entrance and what resemble songs and orchestras from elsewhere now illuminate the surrounding flora.<\/p>\n<\/div>\n<\/div>\n<\/div>\n<\/div>\n<\/div><\/div>\n\n\n\n<div style=\"height:100px\" aria-hidden=\"true\" class=\"wp-block-spacer\"><\/div>\n\n\n\n<h1 class=\"wp-block-heading has-text-align-center alignwide\" id=\"demos\">DEMOS<\/h1>\n","protected":false},"excerpt":{"rendered":"<p>music light path DEMOS<\/p>\n","protected":false},"author":181808114,"featured_media":0,"parent":0,"menu_order":0,"comment_status":"closed","ping_status":"closed","template":"","meta":{"_coblocks_attr":"","_coblocks_dimensions":"","_coblocks_responsive_height":"","_coblocks_accordion_ie_support":"","_crdt_document":"","advanced_seo_description":"","jetpack_seo_html_title":"","jetpack_seo_noindex":false,"footnotes":""},"class_list":["post-2963","page","type-page","status-publish","hentry"],"translation":{"provider":"WPGlobus","version":"3.0.2","language":"en","enabled_languages":["fr","en"],"languages":{"fr":{"title":true,"content":true,"excerpt":false},"en":{"title":false,"content":true,"excerpt":false}}},"jetpack_sharing_enabled":true,"jetpack_shortlink":"https:\/\/wp.me\/Pc68tv-LN","_links":{"self":[{"href":"https:\/\/leopoldcordier.com\/en\/wp-json\/wp\/v2\/pages\/2963","targetHints":{"allow":["GET"]}}],"collection":[{"href":"https:\/\/leopoldcordier.com\/en\/wp-json\/wp\/v2\/pages"}],"about":[{"href":"https:\/\/leopoldcordier.com\/en\/wp-json\/wp\/v2\/types\/page"}],"author":[{"embeddable":true,"href":"https:\/\/leopoldcordier.com\/en\/wp-json\/wp\/v2\/users\/181808114"}],"replies":[{"embeddable":true,"href":"https:\/\/leopoldcordier.com\/en\/wp-json\/wp\/v2\/comments?post=2963"}],"version-history":[{"count":14,"href":"https:\/\/leopoldcordier.com\/en\/wp-json\/wp\/v2\/pages\/2963\/revisions"}],"predecessor-version":[{"id":6449,"href":"https:\/\/leopoldcordier.com\/en\/wp-json\/wp\/v2\/pages\/2963\/revisions\/6449"}],"wp:attachment":[{"href":"https:\/\/leopoldcordier.com\/en\/wp-json\/wp\/v2\/media?parent=2963"}],"curies":[{"name":"wp","href":"https:\/\/api.w.org\/{rel}","templated":true}]}}